{"id":700,"date":"2022-02-21T18:23:37","date_gmt":"2022-02-21T17:23:37","guid":{"rendered":"http:\/\/etviedanses.fr\/?page_id=700"},"modified":"2023-06-12T12:24:35","modified_gmt":"2023-06-12T10:24:35","slug":"a-qui-sadresse-la-biodanza","status":"publish","type":"page","link":"https:\/\/etviedanses.fr\/index.php\/a-qui-sadresse-la-biodanza\/","title":{"rendered":"A qui s&rsquo;adresse la Biodanza ?"},"content":{"rendered":"\n<h2 class=\"wp-block-heading\"><strong>La Biodanza concerne les publics de tous \u00e2ges, toutes conditions et tous genres.  Elle trouve ses fondements  dans le principe Biocentrique* et propose via l&rsquo;intelligence affective de nourrir le lien avec la Vie dans toutes ses manifestations. <\/strong><\/h2>\n\n\n\n<p><strong><mark style=\"background-color:#8ed1fc\" class=\"has-inline-color\">BIODANZA PERINATALE<\/mark><\/strong><\/p>\n\n\n\n<p><a href=\"https:\/\/www.facebook.com\/DoulasDeFrance\/posts\/1594027764062954\/\">https:\/\/www.facebook.com\/DoulasDeFrance\/posts\/1594027764062954\/<\/a><\/p>\n\n\n\n<p><mark style=\"background-color:#fcb900\" class=\"has-inline-color\"><strong>BIODANZA ENFANTS<\/strong> <\/mark>(L&rsquo;association propose des ateliers sur demande ou ponctuels) <\/p>\n\n\n\n<figure class=\"wp-block-image size-large is-resized\"><img loading=\"lazy\" decoding=\"async\" src=\"http:\/\/etviedanses.fr\/wp-content\/uploads\/2022\/02\/Se-construire-et-grandir-de-maniere-harmonieuse-dans-un-espace-de-confiance-et-de-plaisir-1024x819.png\" alt=\"\" class=\"wp-image-701\" width=\"675\" height=\"539\" srcset=\"https:\/\/etviedanses.fr\/wp-content\/uploads\/2022\/02\/Se-construire-et-grandir-de-maniere-harmonieuse-dans-un-espace-de-confiance-et-de-plaisir-1024x819.png 1024w, https:\/\/etviedanses.fr\/wp-content\/uploads\/2022\/02\/Se-construire-et-grandir-de-maniere-harmonieuse-dans-un-espace-de-confiance-et-de-plaisir-300x240.png 300w, https:\/\/etviedanses.fr\/wp-content\/uploads\/2022\/02\/Se-construire-et-grandir-de-maniere-harmonieuse-dans-un-espace-de-confiance-et-de-plaisir-768x614.png 768w, https:\/\/etviedanses.fr\/wp-content\/uploads\/2022\/02\/Se-construire-et-grandir-de-maniere-harmonieuse-dans-un-espace-de-confiance-et-de-plaisir-1536x1229.png 1536w, https:\/\/etviedanses.fr\/wp-content\/uploads\/2022\/02\/Se-construire-et-grandir-de-maniere-harmonieuse-dans-un-espace-de-confiance-et-de-plaisir.png 2000w\" sizes=\"auto, (max-width: 675px) 100vw, 675px\" \/><figcaption class=\"wp-element-caption\">Les ateliers sont ajustables de 2 \u00e0 18 ans. <\/figcaption><\/figure>\n\n\n\n<p class=\"has-text-align-right\"><strong><em><mark style=\"background-color:rgba(0, 0, 0, 0)\" class=\"has-inline-color has-luminous-vivid-orange-color\">\u00ab&nbsp;En r\u00e9alit\u00e9, les enfants sont attir\u00e9s vers les exp\u00e9riences nouvelles qu&rsquo;autorisent leurs capacit\u00e9s naissantes ; ils ne les craignent que lorsqu&rsquo;ils se sentent priv\u00e9s de l&rsquo;aura s\u00e9curisante des adultes charg\u00e9s de leur \u00e9ducation, ils ne les craignent que lorsqu\u2019ils se sentent priv\u00e9s d\u2019affectivit\u00e9.&nbsp;\u00bb &nbsp;&nbsp;<\/mark>&nbsp;&nbsp;&nbsp;&nbsp;&nbsp;&nbsp;&nbsp;&nbsp;&nbsp;&nbsp;&nbsp;&nbsp;&nbsp;&nbsp;&nbsp;&nbsp;&nbsp;&nbsp;&nbsp;&nbsp;&nbsp;&nbsp;&nbsp;&nbsp;&nbsp;&nbsp;&nbsp;&nbsp;&nbsp;&nbsp;&nbsp;&nbsp;&nbsp;&nbsp;&nbsp;&nbsp; &nbsp;&nbsp;&nbsp;&nbsp;&nbsp;&nbsp;&nbsp;&nbsp;&nbsp;&nbsp;<\/em><\/strong><\/p>\n\n\n\n<p class=\"has-text-align-right\"><strong><em><mark style=\"background-color:rgba(0, 0, 0, 0)\" class=\"has-inline-color has-luminous-vivid-orange-color\">Docteur Catherine Gueguen<\/mark><\/em><\/strong><\/p>\n\n\n\n<p class=\"has-text-align-right\"><strong><mark style=\"background-color:rgba(0, 0, 0, 0)\" class=\"has-inline-color has-luminous-vivid-amber-color\"><em>Il faut aimer l&rsquo;enfant pour ce qu&rsquo;il est et non pour ce qu&rsquo;on veut qu&rsquo;il soit.\u00a0\u00bb<\/em><\/mark><\/strong><em><mark style=\"background-color:rgba(0, 0, 0, 0)\" class=\"has-inline-color has-luminous-vivid-amber-color\"><br><strong>Janusz Korczack<\/strong><\/mark><\/em><\/p>\n\n\n\n<p class=\"has-text-align-right\"><strong><em><mark style=\"background-color:rgba(0, 0, 0, 0)\" class=\"has-inline-color has-vivid-purple-color\">\u00ab&nbsp; Consoler un enfant \u2018chamboul\u00e9\u2019 participe \u00e0 la maturation de son &nbsp;cerveau&nbsp;\u00bb<\/mark><\/em><\/strong><\/p>\n\n\n\n<p class=\"has-text-align-right\"><em><strong><mark style=\"background-color:rgba(0, 0, 0, 0)\" class=\"has-inline-color has-vivid-purple-color\">Dr C. Gueguen<\/mark><\/strong><\/em><\/p>\n\n\n\n<figure class=\"wp-block-embed is-type-video is-provider-youtube wp-block-embed-youtube wp-embed-aspect-16-9 wp-has-aspect-ratio\"><div class=\"wp-block-embed__wrapper\">\n<iframe loading=\"lazy\" title=\"Biodanza \u00e0 l&#039;\u00e9cole : d\u00e9veloppe le potentiel et am\u00e9liore le climat scolaire\" width=\"525\" height=\"295\" src=\"https:\/\/www.youtube.com\/embed\/BiMq2vV8F_0?feature=oembed\" frameborder=\"0\" allow=\"accelerometer; autoplay; clipboard-write; encrypted-media; gyroscope; picture-in-picture; web-share\" referrerpolicy=\"strict-origin-when-cross-origin\" allowfullscreen><\/iframe>\n<\/div><figcaption class=\"wp-element-caption\">Biodanza \u00e0 l&rsquo;\u00e9cole <\/figcaption><\/figure>\n\n\n\n<p> <\/p>\n\n\n\n<p><strong><mark style=\"background-color:#ff6900\" class=\"has-inline-color\">BIODANZA FAMILLES<\/mark><\/strong> (L&rsquo;association propose des ateliers sur demande ou ponctuels) <\/p>\n\n\n\n<p><strong>&nbsp;<\/strong><strong>&nbsp;<\/strong>La Biodanza se pratique aussi en famille. &nbsp;La cellule familiale de base peut s&rsquo;\u00e9largir et accueillir les grands-parents, oncles, tantes ou toute personne de la famille souhaitant vivre l&rsquo;aventure avec les enfants. Tout le monde participe \u00e0 sa mani\u00e8re et selon ses possibles.&nbsp;<\/p>\n\n\n\n<p><strong>Lors d&rsquo;une s\u00e9ance Biodanza famille, l&rsquo;objectif est de partager un espace de convivialit\u00e9 en famille et entre familles, dans un cadre s\u00e9cure et bienveillant dont le facilitateur reste garant<\/strong>. Les propositions sont adapt\u00e9es aux enfants, et chacun est invit\u00e9 \u00e0 entrer librement dans l&rsquo;activit\u00e9. Ainsi, tout au fil de la s\u00e9ance, la communication affective est de mise entre les participants et au sein de la famille.&nbsp;<\/p>\n\n\n\n<figure class=\"wp-block-image size-large\"><img loading=\"lazy\" decoding=\"async\" width=\"1024\" height=\"819\" src=\"http:\/\/etviedanses.fr\/wp-content\/uploads\/2022\/02\/Biodanza-famille-1024x819.png\" alt=\"\" class=\"wp-image-718\" srcset=\"https:\/\/etviedanses.fr\/wp-content\/uploads\/2022\/02\/Biodanza-famille-1024x819.png 1024w, https:\/\/etviedanses.fr\/wp-content\/uploads\/2022\/02\/Biodanza-famille-300x240.png 300w, https:\/\/etviedanses.fr\/wp-content\/uploads\/2022\/02\/Biodanza-famille-768x614.png 768w, https:\/\/etviedanses.fr\/wp-content\/uploads\/2022\/02\/Biodanza-famille-1536x1229.png 1536w, https:\/\/etviedanses.fr\/wp-content\/uploads\/2022\/02\/Biodanza-famille.png 2000w\" sizes=\"auto, (max-width: 767px) 89vw, (max-width: 1000px) 54vw, (max-width: 1071px) 543px, 580px\" \/><figcaption class=\"wp-element-caption\">De 2 \u00e0 99 ans \ud83d\ude42 <\/figcaption><\/figure>\n\n\n\n<p>La Biodanza en famille est une invitation \u00e0 revisiter les liens entre ses membres, \u00e0 d\u00e9couvrir les enfants dans un espace d&rsquo;expression authentique, \u00e0 sortir des sentiers connus, \u00e0 s&rsquo;ouvrir \u00e0 cette part de merveilleux contenue en chacun de nous.<\/p>\n\n\n\n<p><\/p>\n\n\n\n<p><strong><mark style=\"background-color:#9b51e0\" class=\"has-inline-color\">BIODANZA PERSONNES AGEES<\/mark><\/strong> : R\u00e9habilitation des personnes \u00e2g\u00e9es en Institution par la Biodanza\u00ae.<\/p>\n\n\n\n<p><strong><mark style=\"background-color:rgba(0, 0, 0, 0)\" class=\"has-inline-color has-cyan-bluish-gray-color\">Objectifs g\u00e9n\u00e9raux<\/mark><\/strong><\/p>\n\n\n\n<p><em>Pour Rolando Toro,&nbsp;<\/em>cr\u00e9ateur du syst\u00e8me Biodanza\u00ae, on ne peut pas consid\u00e9rer le vieillissement en termes seuls de pertes ou de diminution de capacit\u00e9s<strong>.&nbsp;<\/strong>Une \u00e9tude approfondie l\u2019am\u00e8ne \u00e0 voir ce processus comme \u00ab une forme complexe de d\u00e9veloppement dans lequel certaines fonctions sont diminu\u00e9es, d\u2019autres sont conserv\u00e9es et d\u2019autres encore augmentent d\u2019efficacit\u00e9 \u00bb. Dans les ateliers pour les personnes \u00e2g\u00e9es en institution, ce potentiel tardif est pris en compte et stimul\u00e9 de fa\u00e7on \u00e0&nbsp;:<\/p>\n\n\n\n<ul class=\"wp-block-list\">\n<li><strong>Eveiller la joie de vivre<br><\/strong>m\u00eame si les mouvements, l\u2019autonomie sont r\u00e9duites, nous pouvons inviter les personnes \u00e0 d\u00e9velopper une attitude d\u2019ouverture devant cette nouvelle vie, en posant des actes simples et charg\u00e9s de sens comme prendre des initiatives, oser demander, proposer. Nous voyons ainsi des r\u00e9sidents sortir de l\u2019impuissance et du d\u00e9sint\u00e9r\u00eat et devenir cr\u00e9ateurs dans cette derni\u00e8re phase de vie.<\/li>\n\n\n\n<li><strong>Favoriser l\u2019expression ad\u00e9quate des \u00e9motions<\/strong>.<\/li>\n\n\n\n<li><strong>Encourager la cr\u00e9ativit\u00e9<\/strong>. Essayer de nouveaux comportements, oser changer ses habitudes<\/li>\n\n\n\n<li><strong>Stimuler la rencontre avec les autres r\u00e9sidents, cr\u00e9er des relations nourrissantes<\/strong><\/li>\n\n\n\n<li><strong>Diminuer le jugement, la critique, l\u2019auto-d\u00e9valorisation<\/strong>&nbsp;qui sont souvent source d\u2019agressivit\u00e9. Renforcer le respect, l\u2019estime de soi et des autres, le sentiment de sa propre valeur.<\/li>\n\n\n\n<li><strong>Valoriser le moment pr\u00e9sent, l\u2019ici-maintenant<\/strong>, plut\u00f4t que nourrir les regrets du pass\u00e9 ou la peur du futur.<\/li>\n\n\n\n<li><strong>Favoriser le contact affectif, la tendresse<\/strong>, qui permettent de se sentir reconnu, embrass\u00e9, aim\u00e9<\/li>\n\n\n\n<li><strong>R\u00e9duire l\u2019anxi\u00e9t\u00e9, donner confiance<\/strong>&nbsp;en ses propres capacit\u00e9s.<\/li>\n<\/ul>\n\n\n\n<p><strong><mark style=\"background-color:rgba(0, 0, 0, 0)\" class=\"has-inline-color has-cyan-bluish-gray-color\">Quelques indicateurs&nbsp;d\u2019\u00e9valuation<\/mark><\/strong><\/p>\n\n\n\n<ul class=\"wp-block-list\">\n<li>Signes physiologiques observ\u00e9s&nbsp;:des \u00e9toiles dans les yeux. Pr\u00e9sence dans le regardFid\u00e9lit\u00e9 dans la participation&nbsp;:sensation que quelque chose se transforme<\/li>\n<\/ul>\n\n\n\n<ul class=\"wp-block-list\">\n<li>Les personnes prennent leur place dans la maison&nbsp;: am\u00e9lioration de la participation aux diff\u00e9rentes activit\u00e9s propos\u00e9es<\/li>\n<\/ul>\n\n\n\n<ul class=\"wp-block-list\">\n<li>Stimulation de la parole, des \u00e9changes, de la joie&nbsp;: \u00ab&nbsp;cour de r\u00e9cr\u00e9ation&nbsp;\u00bb<\/li>\n<\/ul>\n\n\n\n<ul class=\"wp-block-list\">\n<li>Les personnes ne sont pas press\u00e9es de partir \u00e0 la fin de l\u2019atelier<\/li>\n<\/ul>\n\n\n\n<p><strong><mark style=\"background-color:rgba(0, 0, 0, 0)\" class=\"has-inline-color has-cyan-bluish-gray-color\">Dur\u00e9e de l&rsquo;atelier <\/mark><\/strong><br>Les ateliers ont une dur\u00e9e de 60 minutes, une fois par semaine.<\/p>\n\n\n\n<p><strong><mark style=\"background-color:rgba(0, 0, 0, 0)\" class=\"has-inline-color has-cyan-bluish-gray-color\">Pour quels r\u00e9sidents&nbsp;?<\/mark><\/strong><br>Toutes les personnes sont bienvenues d\u00e8s lors qu\u2019elles peuvent se d\u00e9placer sur leurs propres jambes ou en chaise roulante.<\/p>\n\n\n\n<figure class=\"wp-block-embed is-type-video is-provider-youtube wp-block-embed-youtube wp-embed-aspect-16-9 wp-has-aspect-ratio\"><div class=\"wp-block-embed__wrapper\">\n<iframe loading=\"lazy\" title=\"Biodanza pour les personnes \u00e2g\u00e9es\" width=\"525\" height=\"295\" src=\"https:\/\/www.youtube.com\/embed\/xSljlOI_4yg?feature=oembed\" frameborder=\"0\" allow=\"accelerometer; autoplay; clipboard-write; encrypted-media; gyroscope; picture-in-picture; web-share\" referrerpolicy=\"strict-origin-when-cross-origin\" allowfullscreen><\/iframe>\n<\/div><figcaption class=\"wp-element-caption\">Biodanza en Ehpad <\/figcaption><\/figure>\n\n\n\n<p><strong><mark style=\"background-color:#f78da7\" class=\"has-inline-color\">BIODANZA CLINIQUE<\/mark><\/strong><\/p>\n\n\n\n<p>De fa\u00e7on g\u00e9n\u00e9rale, la Biodanza\u00ae s&rsquo;applique \u00e0 titre pr\u00e9ventif ou dans le domaine de la r\u00e9habilitation. Consid\u00e9r\u00e9e comme un compl\u00e9ment de la m\u00e9decine, elle agit tr\u00e8s efficacement sur les maladies psychosomatiques, en psychiatrie, en g\u00e9rontologie, sur les troubles moteurs, sur l&rsquo;ob\u00e9sit\u00e9 ou l&rsquo;anorexie, dans le cas de toxicod\u00e9pendance, etc.<br>Dans tous ces cas elle travaille en \u00e9troite collaboration avec les professionnels de la sant\u00e9.<\/p>\n\n\n\n<p>Il est possible \u00e9galement de proposer des ateliers pour des groupes sp\u00e9cifiques regroupant des personnes souffrant de m\u00eames troubles, ce qui permet de proposer un travail plus cibl\u00e9 et mieux adapt\u00e9.<\/p>\n\n\n\n<p><mark style=\"background-color:#00d084\" class=\"has-inline-color\"><strong>BIODANZA NATURE<\/strong> <\/mark>(L&rsquo;association propose des ateliers sur demande ou ponctuels) <\/p>\n\n\n\n<p><\/p>\n\n\n\n<p>&#8230;<\/p>\n\n\n\n<p><\/p>\n\n\n\n<p> <\/p>\n","protected":false},"excerpt":{"rendered":"<p>La Biodanza concerne les publics de tous \u00e2ges, toutes conditions et tous genres. Elle trouve ses fondements dans le principe Biocentrique* et propose via l&rsquo;intelligence affective de nourrir le lien &hellip; <\/p>\n<p class=\"link-more\"><a href=\"https:\/\/etviedanses.fr\/index.php\/a-qui-sadresse-la-biodanza\/\" class=\"more-link\">Continuer la lecture<span class=\"screen-reader-text\"> de &laquo;&nbsp;A qui s&rsquo;adresse la Biodanza ?&nbsp;&raquo;<\/span><\/a><\/p>\n","protected":false},"author":1,"featured_media":0,"parent":0,"menu_order":0,"comment_status":"closed","ping_status":"closed","template":"","meta":{"footnotes":""},"class_list":["post-700","page","type-page","status-publish","hentry"],"_links":{"self":[{"href":"https:\/\/etviedanses.fr\/index.php\/wp-json\/wp\/v2\/pages\/700","targetHints":{"allow":["GET"]}}],"collection":[{"href":"https:\/\/etviedanses.fr\/index.php\/wp-json\/wp\/v2\/pages"}],"about":[{"href":"https:\/\/etviedanses.fr\/index.php\/wp-json\/wp\/v2\/types\/page"}],"author":[{"embeddable":true,"href":"https:\/\/etviedanses.fr\/index.php\/wp-json\/wp\/v2\/users\/1"}],"replies":[{"embeddable":true,"href":"https:\/\/etviedanses.fr\/index.php\/wp-json\/wp\/v2\/comments?post=700"}],"version-history":[{"count":11,"href":"https:\/\/etviedanses.fr\/index.php\/wp-json\/wp\/v2\/pages\/700\/revisions"}],"predecessor-version":[{"id":1051,"href":"https:\/\/etviedanses.fr\/index.php\/wp-json\/wp\/v2\/pages\/700\/revisions\/1051"}],"wp:attachment":[{"href":"https:\/\/etviedanses.fr\/index.php\/wp-json\/wp\/v2\/media?parent=700"}],"curies":[{"name":"wp","href":"https:\/\/api.w.org\/{rel}","templated":true}]}}