{"id":63,"date":"2020-08-13T16:27:00","date_gmt":"2020-08-13T14:27:00","guid":{"rendered":"http:\/\/etviedanses.fr\/?page_id=63"},"modified":"2020-09-20T18:41:34","modified_gmt":"2020-09-20T16:41:34","slug":"mentions-legales","status":"publish","type":"page","link":"https:\/\/etviedanses.fr\/index.php\/mentions-legales\/","title":{"rendered":"Mentions l\u00e9gales"},"content":{"rendered":"\n<p>Ce site est la propri\u00e9t\u00e9 de l&rsquo;association Etviedanses. Toutes les pages sont r\u00e9dig\u00e9es par Muriel Haquin, pr\u00e9sidente et  sont h\u00e9berg\u00e9es chez OVH. <\/p>\n","protected":false},"excerpt":{"rendered":"<p>Ce site est la propri\u00e9t\u00e9 de l&rsquo;association Etviedanses. Toutes les pages sont r\u00e9dig\u00e9es par Muriel Haquin, pr\u00e9sidente et sont h\u00e9berg\u00e9es chez OVH.<\/p>\n","protected":false},"author":1,"featured_media":0,"parent":0,"menu_order":0,"comment_status":"closed","ping_status":"closed","template":"","meta":{"footnotes":""},"class_list":["post-63","page","type-page","status-publish","hentry"],"_links":{"self":[{"href":"https:\/\/etviedanses.fr\/index.php\/wp-json\/wp\/v2\/pages\/63","targetHints":{"allow":["GET"]}}],"collection":[{"href":"https:\/\/etviedanses.fr\/index.php\/wp-json\/wp\/v2\/pages"}],"about":[{"href":"https:\/\/etviedanses.fr\/index.php\/wp-json\/wp\/v2\/types\/page"}],"author":[{"embeddable":true,"href":"https:\/\/etviedanses.fr\/index.php\/wp-json\/wp\/v2\/users\/1"}],"replies":[{"embeddable":true,"href":"https:\/\/etviedanses.fr\/index.php\/wp-json\/wp\/v2\/comments?post=63"}],"version-history":[{"count":3,"href":"https:\/\/etviedanses.fr\/index.php\/wp-json\/wp\/v2\/pages\/63\/revisions"}],"predecessor-version":[{"id":118,"href":"https:\/\/etviedanses.fr\/index.php\/wp-json\/wp\/v2\/pages\/63\/revisions\/118"}],"wp:attachment":[{"href":"https:\/\/etviedanses.fr\/index.php\/wp-json\/wp\/v2\/media?parent=63"}],"curies":[{"name":"wp","href":"https:\/\/api.w.org\/{rel}","templated":true}]}}