{"id":61,"date":"2020-08-13T16:25:37","date_gmt":"2020-08-13T14:25:37","guid":{"rendered":"http:\/\/etviedanses.fr\/?page_id=61"},"modified":"2026-04-02T09:02:02","modified_gmt":"2026-04-02T07:02:02","slug":"informations-pratiques","status":"publish","type":"page","link":"https:\/\/etviedanses.fr\/index.php\/informations-pratiques\/","title":{"rendered":"Informations pratiques :"},"content":{"rendered":"\n<h2 class=\"wp-block-heading\"><mark style=\"background-color:#fcb900\" class=\"has-inline-color\"><strong>LUNDI SOIR <\/strong> de 20h \u00e0 22h au Gallery R\u00e9publique<\/mark><\/h2>\n\n\n\n<p>Salle du Garden Blues (voir<a href=\"https:\/\/maps.app.goo.gl\/ZBkbKeRhDjqLa1ST6\"> lien Google maps<\/a><a href=\"https:\/\/www.google.fr\/maps\/place\/Garden+Blues\/@46.5966999,0.3208271,16z\/data=!4m5!3m4!1s0x47fdbdfe8f5fca97:0xd9b528f7e0498589!8m2!3d46.5956641!4d0.3209558?hl=fr\">)<\/a> 11, rue de Thalweg 86000&nbsp;Poitiers, <\/p>\n\n\n\n<figure class=\"wp-block-image size-full\"><img loading=\"lazy\" decoding=\"async\" width=\"406\" height=\"387\" src=\"https:\/\/etviedanses.fr\/wp-content\/uploads\/2025\/05\/image.png\" alt=\"\" class=\"wp-image-1339\" srcset=\"https:\/\/etviedanses.fr\/wp-content\/uploads\/2025\/05\/image.png 406w, https:\/\/etviedanses.fr\/wp-content\/uploads\/2025\/05\/image-300x286.png 300w\" sizes=\"auto, (max-width: 406px) 100vw, 406px\" \/><\/figure>\n\n\n\n<h2 class=\"wp-block-heading\"><mark style=\"background-color:rgba(0, 0, 0, 0)\" class=\"has-inline-color has-black-color\"> <\/mark><mark style=\"background-color:#fcb900\" class=\"has-inline-color has-black-color\">Formules  (<strong>r\u00e9glable d&rsquo;avance<\/strong>) <\/mark> s\u00e9ance d\u00e9couverte 10\u20ac<\/h2>\n\n\n\n<div class=\"wp-block-group is-vertical is-layout-flex wp-container-core-group-is-layout-8cf370e7 wp-block-group-is-layout-flex\">\n<div class=\"wp-block-group is-vertical is-layout-flex wp-container-core-group-is-layout-8cf370e7 wp-block-group-is-layout-flex\">\n<p>&#8211; <mark style=\"background-color:rgba(0, 0, 0, 0)\" class=\"has-inline-color has-vivid-purple-color\">Formule  avec carte 10 s\u00e9ances : 180 \u20ac<\/mark><\/p>\n\n\n\n<p><mark style=\"background-color:rgba(0, 0, 0, 0)\" class=\"has-inline-color has-vivid-purple-color\">&#8211; Formule au trimestre (11 s\u00e9ances) : 150 \u20ac (possible paiement en 3 fois)  &#8211; 120\u20ac  couples<\/mark><\/p>\n\n\n\n<p><mark style=\"background-color:rgba(0, 0, 0, 0)\" class=\"has-inline-color has-vivid-purple-color\">&#8211; Formule \u00e0 l&rsquo;ann\u00e9e ( 33 s\u00e9ances) : 360 \u20ac (possible paiement en 3 fois) &#8211; 300\u20ac couples<\/mark><\/p>\n<\/div>\n<\/div>\n\n\n\n<h2 class=\"wp-block-heading has-text-align-left\"><mark style=\"background-color:#fcb900\" class=\"has-inline-color has-black-color\">Calendrier des s\u00e9ances 3\u00e8me trimestre <\/mark><\/h2>\n\n\n\n<figure class=\"wp-block-image size-full\"><img loading=\"lazy\" decoding=\"async\" width=\"765\" height=\"371\" src=\"https:\/\/etviedanses.fr\/wp-content\/uploads\/2026\/04\/image-1.png\" alt=\"\" class=\"wp-image-1451\" style=\"aspect-ratio:2.062048855107797\" srcset=\"https:\/\/etviedanses.fr\/wp-content\/uploads\/2026\/04\/image-1.png 765w, https:\/\/etviedanses.fr\/wp-content\/uploads\/2026\/04\/image-1-300x145.png 300w\" sizes=\"auto, (max-width: 706px) 89vw, (max-width: 767px) 82vw, 740px\" \/><\/figure>\n\n\n\n<h2 class=\"wp-block-heading\"><mark style=\"background-color:#ff6900\" class=\"has-inline-color\"><strong>MARDI APRES MIDI <\/strong> Atelier  de 14h \u00e0 16h  Salle  des Ecluzelles \u00e0 Chasseneuil du Poitou <em><strong> (autres tarifs)<\/strong><\/em><\/mark><\/h2>\n\n\n\n<p>Salle polyvalente des \u00c9cluzelles                                                                                                                                       4 rue du Stade                                                                                                                                                             86360 Chasseneuil-du-Poitou<\/p>\n\n\n\n<figure class=\"wp-block-image size-full is-resized\"><img loading=\"lazy\" decoding=\"async\" width=\"536\" height=\"264\" src=\"http:\/\/etviedanses.fr\/wp-content\/uploads\/2023\/06\/image.png\" alt=\"\" class=\"wp-image-1070\" style=\"width:454px;height:224px\" srcset=\"https:\/\/etviedanses.fr\/wp-content\/uploads\/2023\/06\/image.png 536w, https:\/\/etviedanses.fr\/wp-content\/uploads\/2023\/06\/image-300x148.png 300w\" sizes=\"auto, (max-width: 536px) 100vw, 536px\" \/><\/figure>\n\n\n\n<h2 class=\"wp-block-heading\"><mark style=\"background-color:#ff6900\" class=\"has-inline-color has-black-color\"> Formules  (<strong>r\u00e9glable d&rsquo;avance<\/strong>) <\/mark> s\u00e9ance d\u00e9couverte 10\u20ac<\/h2>\n\n\n\n<div class=\"wp-block-group is-vertical is-layout-flex wp-container-core-group-is-layout-8cf370e7 wp-block-group-is-layout-flex\">\n<p>&#8211; Formule avec carte 10 s\u00e9ances : 120 \u20ac<\/p>\n\n\n\n<p>&#8211; Formule au trimestre (11 s\u00e9ances) : 90 \u20ac &#8211; 70 \u20ac couples<\/p>\n\n\n\n<p>&#8211; Formule \u00e0 l&rsquo;ann\u00e9e ( 33 s\u00e9ances) : 230 \u20ac (possible paiement en 3 fois) &#8211; 180 \u20ac couples<\/p>\n<\/div>\n\n\n\n<h2 class=\"wp-block-heading\"><mark style=\"background-color:#ff6900\" class=\"has-inline-color has-black-color\">Calendrier des s\u00e9ances 3\u00e8me trimestre <\/mark><\/h2>\n\n\n\n<figure class=\"wp-block-image size-full\"><img loading=\"lazy\" decoding=\"async\" width=\"750\" height=\"377\" src=\"https:\/\/etviedanses.fr\/wp-content\/uploads\/2026\/04\/image-2.png\" alt=\"\" class=\"wp-image-1452\" srcset=\"https:\/\/etviedanses.fr\/wp-content\/uploads\/2026\/04\/image-2.png 750w, https:\/\/etviedanses.fr\/wp-content\/uploads\/2026\/04\/image-2-300x151.png 300w\" sizes=\"auto, (max-width: 706px) 89vw, (max-width: 767px) 82vw, 740px\" \/><\/figure>\n","protected":false},"excerpt":{"rendered":"<p>LUNDI SOIR de 20h \u00e0 22h au Gallery R\u00e9publique Salle du Garden Blues (voir lien Google maps) 11, rue de Thalweg 86000&nbsp;Poitiers, Formules (r\u00e9glable d&rsquo;avance) s\u00e9ance d\u00e9couverte 10\u20ac &#8211; Formule &hellip; <\/p>\n<p class=\"link-more\"><a href=\"https:\/\/etviedanses.fr\/index.php\/informations-pratiques\/\" class=\"more-link\">Continuer la lecture<span class=\"screen-reader-text\"> de &laquo;&nbsp;Informations pratiques :&nbsp;&raquo;<\/span><\/a><\/p>\n","protected":false},"author":1,"featured_media":23,"parent":0,"menu_order":0,"comment_status":"closed","ping_status":"closed","template":"","meta":{"footnotes":""},"class_list":["post-61","page","type-page","status-publish","has-post-thumbnail","hentry"],"_links":{"self":[{"href":"https:\/\/etviedanses.fr\/index.php\/wp-json\/wp\/v2\/pages\/61","targetHints":{"allow":["GET"]}}],"collection":[{"href":"https:\/\/etviedanses.fr\/index.php\/wp-json\/wp\/v2\/pages"}],"about":[{"href":"https:\/\/etviedanses.fr\/index.php\/wp-json\/wp\/v2\/types\/page"}],"author":[{"embeddable":true,"href":"https:\/\/etviedanses.fr\/index.php\/wp-json\/wp\/v2\/users\/1"}],"replies":[{"embeddable":true,"href":"https:\/\/etviedanses.fr\/index.php\/wp-json\/wp\/v2\/comments?post=61"}],"version-history":[{"count":52,"href":"https:\/\/etviedanses.fr\/index.php\/wp-json\/wp\/v2\/pages\/61\/revisions"}],"predecessor-version":[{"id":1453,"href":"https:\/\/etviedanses.fr\/index.php\/wp-json\/wp\/v2\/pages\/61\/revisions\/1453"}],"wp:featuredmedia":[{"embeddable":true,"href":"https:\/\/etviedanses.fr\/index.php\/wp-json\/wp\/v2\/media\/23"}],"wp:attachment":[{"href":"https:\/\/etviedanses.fr\/index.php\/wp-json\/wp\/v2\/media?parent=61"}],"curies":[{"name":"wp","href":"https:\/\/api.w.org\/{rel}","templated":true}]}}