{"id":56,"date":"2020-08-13T16:21:59","date_gmt":"2020-08-13T14:21:59","guid":{"rendered":"http:\/\/etviedanses.fr\/?page_id=56"},"modified":"2024-08-30T14:17:00","modified_gmt":"2024-08-30T12:17:00","slug":"qui-suis-je","status":"publish","type":"page","link":"https:\/\/etviedanses.fr\/index.php\/qui-suis-je\/","title":{"rendered":"Qui suis-je ?"},"content":{"rendered":"<div class=\"wp-block-image is-resized\">\n<figure class=\"alignright\"><img loading=\"lazy\" decoding=\"async\" width=\"682\" height=\"1024\" src=\"http:\/\/etviedanses.fr\/wp-content\/uploads\/2020\/08\/profil-Copie-682x1024.jpg\" alt=\"\" class=\"wp-image-98\" style=\"width:120px;height:auto\" srcset=\"https:\/\/etviedanses.fr\/wp-content\/uploads\/2020\/08\/profil-Copie-682x1024.jpg 682w, https:\/\/etviedanses.fr\/wp-content\/uploads\/2020\/08\/profil-Copie-200x300.jpg 200w, https:\/\/etviedanses.fr\/wp-content\/uploads\/2020\/08\/profil-Copie.jpg 696w\" sizes=\"auto, (max-width: 682px) 100vw, 682px\" \/><\/figure>\n<\/div>\n\n\n<p>J&rsquo;ai rencontr\u00e9 la Biodanza en 2010. De l\u00e0, s&rsquo;est amorc\u00e9 un chemin de vie extraordinaire o\u00f9 enthousiasme, sensibilit\u00e9, courage et plaisir ont appris \u00e0 cohabiter harmonieusement. Chaque jour, le chemin se cr\u00e9e, diff\u00e9rent, color\u00e9, en relief, en contraste, en profondeur, en rires, en compr\u00e9hension, en actes pleins de sens.  La Biodanza m&rsquo;a appris \u00e0 m&rsquo;engager sur ce chemin, \u00e0 me laisser inspirer au dedans, tandis que mes pas laissent leur empreinte sur le sol comme autant de traces de mon passage sur cette Terre.<br>La Biodanza me m\u00e8ne patiemment sur la voie de l&rsquo;Alt\u00e9rit\u00e9 et c&rsquo;est un grand bonheur, un immense privil\u00e8ge de cultiver l&rsquo; amour qui m&rsquo;habite lors des ateliers, journ\u00e9es, stages ou encore \u00e0 l&rsquo;Ehpad o\u00f9 j&rsquo; interviens depuis une ann\u00e9e.   L&rsquo;\u00e9coute empathique m&rsquo;apporte les cl\u00e9s de l&rsquo;accompagnement des personnes et des groupes et me permet de m&rsquo;agrandir \u00e0 chacune des exp\u00e9riences v\u00e9cues. <br>Apr\u00e8s une carri\u00e8re d&rsquo;enseignante, je me consacre aujourd&rsquo;hui exclusivement \u00e0 la pratique et \u00e0 l&rsquo;essor de la Biodanza. Tr\u00e8s sensible \u00e0 la question de l&rsquo;affectivit\u00e9 dans l&rsquo;apprentissage, je suis d\u00e9sormais engag\u00e9e aupr\u00e8s de <a href=\"https:\/\/www.ecolebiodanzabordeaux.fr\/\">l&rsquo;Ecole Biodanza Bordeaux Aquitaine<\/a> en tant que membre de la ronde, au service de la vie de l&rsquo;\u00e9cole et en accompagnement du parcours des \u00e9l\u00e8ves. <\/p>\n\n\n\n<div class=\"wp-block-columns is-layout-flex wp-container-core-columns-is-layout-9d6595d7 wp-block-columns-is-layout-flex\">\n<div class=\"wp-block-column is-layout-flow wp-block-column-is-layout-flow\" style=\"flex-basis:100%\">\n<div class=\"wp-block-group is-vertical is-layout-flex wp-container-core-group-is-layout-8cf370e7 wp-block-group-is-layout-flex\">\n<p>Form\u00e9e de 2011 \u00e0 2014 \u00e0 l&rsquo;\u00e9cole Rolando Toro de Lyon je me suis depuis sp\u00e9cialis\u00e9e dans les extensions suivantes :<\/p>\n\n\n\n<ul class=\"wp-block-list\">\n<li>Famille, enfant et adolescent avec Monica Turco<\/li>\n\n\n\n<li>Arch\u00e9types grecs avec Claudete Sant&rsquo;Ana <\/li>\n\n\n\n<li>N\u00e9o-chamanisme avec Carla Breglia <\/li>\n\n\n\n<li>Biodanza et lecture corporelle avec Ma\u00eft\u00e9 Bernardelle<\/li>\n\n\n\n<li>Biodanza et massage avec Ma\u00eft\u00e9 Bernardelle <\/li>\n\n\n\n<li>Identit\u00e9 et les 4 \u00e9l\u00e9ments avec Jorge Terren et Bettina Ber<\/li>\n\n\n\n<li>Biodanza en nature avec Monica Turco<\/li>\n\n\n\n<li>Biodanza et argile avec Cristina Beraldo<\/li>\n\n\n\n<li>Biodanza et Journal Biocr\u00e9atif avec Maria Pilar Amaya<\/li>\n\n\n\n<li>Le pressentiment de l&rsquo;ange avec Paula ROulin Prat<\/li>\n\n\n\n<li>Le laboratoire de cr\u00e9ativit\u00e9 avec Jorge Terren et Bettina Ber<\/li>\n\n\n\n<li>Le Projet Minotaure avec H\u00e9l\u00e8ne J L\u00e9vy Benseft<\/li>\n\n\n\n<li>Contact bio-int\u00e9grant avec Sandra Salmaso<\/li>\n\n\n\n<li>Le Projet Evolution avec Carlos Garcia  <br><\/li>\n<\/ul>\n<\/div>\n<\/div>\n<\/div>\n\n\n\n<p>Form\u00e9e en 2015 \u00e0 l&rsquo;Ecoute Empathique aupr\u00e8s de l&rsquo;IREM (Isabelle Filliozat) <\/p>\n\n\n\n<p>Form\u00e9e en 2019 \u00e0 l&rsquo;Education Biocentrique au CEB Anjou<\/p>\n\n\n\n<p><\/p>\n\n\n\n<p><\/p>\n","protected":false},"excerpt":{"rendered":"<p>J&rsquo;ai rencontr\u00e9 la Biodanza en 2010. De l\u00e0, s&rsquo;est amorc\u00e9 un chemin de vie extraordinaire o\u00f9 enthousiasme, sensibilit\u00e9, courage et plaisir ont appris \u00e0 cohabiter harmonieusement. Chaque jour, le chemin &hellip; <\/p>\n<p class=\"link-more\"><a href=\"https:\/\/etviedanses.fr\/index.php\/qui-suis-je\/\" class=\"more-link\">Continuer la lecture<span class=\"screen-reader-text\"> de &laquo;&nbsp;Qui suis-je ?&nbsp;&raquo;<\/span><\/a><\/p>\n","protected":false},"author":1,"featured_media":0,"parent":0,"menu_order":0,"comment_status":"closed","ping_status":"closed","template":"","meta":{"footnotes":""},"class_list":["post-56","page","type-page","status-publish","hentry"],"_links":{"self":[{"href":"https:\/\/etviedanses.fr\/index.php\/wp-json\/wp\/v2\/pages\/56","targetHints":{"allow":["GET"]}}],"collection":[{"href":"https:\/\/etviedanses.fr\/index.php\/wp-json\/wp\/v2\/pages"}],"about":[{"href":"https:\/\/etviedanses.fr\/index.php\/wp-json\/wp\/v2\/types\/page"}],"author":[{"embeddable":true,"href":"https:\/\/etviedanses.fr\/index.php\/wp-json\/wp\/v2\/users\/1"}],"replies":[{"embeddable":true,"href":"https:\/\/etviedanses.fr\/index.php\/wp-json\/wp\/v2\/comments?post=56"}],"version-history":[{"count":16,"href":"https:\/\/etviedanses.fr\/index.php\/wp-json\/wp\/v2\/pages\/56\/revisions"}],"predecessor-version":[{"id":1247,"href":"https:\/\/etviedanses.fr\/index.php\/wp-json\/wp\/v2\/pages\/56\/revisions\/1247"}],"wp:attachment":[{"href":"https:\/\/etviedanses.fr\/index.php\/wp-json\/wp\/v2\/media?parent=56"}],"curies":[{"name":"wp","href":"https:\/\/api.w.org\/{rel}","templated":true}]}}