{"id":236,"date":"2021-08-16T19:10:53","date_gmt":"2021-08-16T17:10:53","guid":{"rendered":"http:\/\/etviedanses.fr\/?page_id=236"},"modified":"2026-04-02T09:03:54","modified_gmt":"2026-04-02T07:03:54","slug":"journees-stages-2021-2022","status":"publish","type":"page","link":"https:\/\/etviedanses.fr\/index.php\/journees-stages-2021-2022\/","title":{"rendered":"Journ\u00e9es &amp; Stages  2025-26"},"content":{"rendered":"\n<h2 class=\"wp-block-heading\">SEPTEMBRE 2025 : <strong><mark style=\"background-color:rgba(0, 0, 0, 0)\" class=\"has-inline-color has-vivid-purple-color\"> PARCOURS DE FEMMES<\/mark><\/strong><\/h2>\n\n\n\n<p><strong>CERCLE DE PAROLE &#8211; DANSE  et Laboratoire de cr\u00e9ativit\u00e9  Samedis de 14h30 \u00e0 18h30<\/strong><\/p>\n\n\n\n<p><strong>&nbsp;<\/strong>Parcours de femmes est une invitation \u00e0 initier un chemin de sororit\u00e9 dans un cadre s\u00e9cure et bienveillant. Cr\u00e9er un espace, dans lequel \u00eatre accueillies telles que nous sommes, un espace pour d\u00e9poser notre parole, \u00eatre entendues et reconnues sans jugement et en toute bienveillance. Enfin, entrer dans le laboratoire de cr\u00e9ativit\u00e9, et sentir le mouvement de la Vie elle-m\u00eame se cr\u00e9er \u00e0 chaque instant dans la danse, la musique, la mati\u00e8re et les mots.<\/p>\n\n\n\n<div class=\"wp-block-group\"><div class=\"wp-block-group__inner-container is-layout-constrained wp-block-group-is-layout-constrained\">\n<div class=\"wp-block-media-text is-stacked-on-mobile is-vertically-aligned-center\" style=\"grid-template-columns:56% auto\"><figure class=\"wp-block-media-text__media\"><img loading=\"lazy\" decoding=\"async\" width=\"530\" height=\"247\" src=\"http:\/\/etviedanses.fr\/wp-content\/uploads\/2021\/09\/image-2.png\" alt=\"\" class=\"wp-image-465 size-full\" srcset=\"https:\/\/etviedanses.fr\/wp-content\/uploads\/2021\/09\/image-2.png 530w, https:\/\/etviedanses.fr\/wp-content\/uploads\/2021\/09\/image-2-300x140.png 300w\" sizes=\"auto, (max-width: 530px) 100vw, 530px\" \/><\/figure><div class=\"wp-block-media-text__content\">\n<p class=\"has-text-align-right\"><\/p>\n<\/div><\/div>\n\n\n\n<p><strong>Dates des ateliers et th\u00e9matiques<\/strong><\/p>\n<\/div><\/div>\n\n\n\n<div class=\"wp-block-columns is-layout-flex wp-container-core-columns-is-layout-9d6595d7 wp-block-columns-is-layout-flex\">\n<div class=\"wp-block-column is-layout-flow wp-block-column-is-layout-flow\" style=\"flex-basis:100%\">\n<ul class=\"wp-block-list\">\n<li>Samedi 4 octobre : <em><strong>DU TEMPS POUR SOI, \u00e0 la rencontre de M\u00e9lusine<\/strong><\/em><\/li>\n\n\n\n<li>Samedi 8 novembre : <strong><em>ATTACHEMENT &#8211; DETACHEMENT, la posture juste<\/em><\/strong><\/li>\n\n\n\n<li>Samedi 6 d\u00e9cembre :  <strong><em>RESSOURCEMENT,<\/em><\/strong><em><strong> en qu\u00eate de profondeur<\/strong><\/em><\/li>\n\n\n\n<li>Samedi 10 janvier : <strong><em>REINES, souveraines <\/em><\/strong><\/li>\n\n\n\n<li>Samedi 7 f\u00e9vrier : <strong><em>LUMIN&rsquo;ESSENCE<\/em> <em>, \u00e0 la d\u00e9couverte de notre propre lumi\u00e8re<\/em><\/strong><\/li>\n\n\n\n<li>Samedi 7 mars : <strong><em>FEMMES du monde<\/em><\/strong><\/li>\n\n\n\n<li>Samedi 4 avril : <strong><em>JAILLISSANTES, quand le printemps inspire nos pas <\/em><\/strong><\/li>\n\n\n\n<li><strong>STAGE 29,30,31 mai<\/strong> : <strong><em>INSPIRANTES, \u00e0 la d\u00e9couverte du f\u00e9minin profond<\/em><\/strong><\/li>\n\n\n\n<li>Samedi 6 juin : <strong><em>FEMMES EN FETE<\/em><\/strong>, <em><strong>l&rsquo;art de c\u00e9l\u00e9brer <\/strong><\/em><\/li>\n<\/ul>\n<\/div>\n<\/div>\n\n\n\n<p><strong>Tarif 40\u20ac la s\u00e9ance \/ 150\u20ac le Stage<\/strong> (uniquement sur inscription)<\/p>\n\n\n\n<p><strong>INSCRIPTIONS et INFOS au 06 47 20 17 58<\/strong><\/p>\n\n\n\n<h2 class=\"wp-block-heading\"><mark style=\"background-color:rgba(0, 0, 0, 0)\" class=\"has-inline-color has-black-color\">SEPTEMBRE 2025 :<\/mark><mark style=\"background-color:rgba(0, 0, 0, 0)\" class=\"has-inline-color has-vivid-red-color\"> <\/mark><strong><mark style=\"background-color:rgba(0, 0, 0, 0)\" class=\"has-inline-color has-luminous-vivid-orange-color\">STAGE RESIDENTIEL en pension compl\u00e8te du 12.9 au 14.9 \u00e0 Menthi\u00e8res dans l&rsquo;Ain  <a href=\"https:\/\/www.artpiness.com\/\">au centre ARTpiness <\/a><\/mark><\/strong>(01)<\/h2>\n\n\n\n<h2 class=\"wp-block-heading\"><mark style=\"background-color:rgba(0, 0, 0, 0)\" class=\"has-inline-color has-luminous-vivid-orange-color\"><strong>LA CARESSE COMME UN POEME &#8211; peau.aime,  <\/strong>co-cr\u00e9\u00e9 par Muriel Haquin et Fausto Ferro  <\/mark><\/h2>\n\n\n\n<figure class=\"wp-block-image size-large\"><img loading=\"lazy\" decoding=\"async\" width=\"1024\" height=\"1024\" src=\"https:\/\/etviedanses.fr\/wp-content\/uploads\/2025\/03\/Stage-residentiel-en-pleine-nature-a-Menthiere-2-1024x1024.png\" alt=\"\" class=\"wp-image-1273\" srcset=\"https:\/\/etviedanses.fr\/wp-content\/uploads\/2025\/03\/Stage-residentiel-en-pleine-nature-a-Menthiere-2-1024x1024.png 1024w, https:\/\/etviedanses.fr\/wp-content\/uploads\/2025\/03\/Stage-residentiel-en-pleine-nature-a-Menthiere-2-300x300.png 300w, https:\/\/etviedanses.fr\/wp-content\/uploads\/2025\/03\/Stage-residentiel-en-pleine-nature-a-Menthiere-2-150x150.png 150w, https:\/\/etviedanses.fr\/wp-content\/uploads\/2025\/03\/Stage-residentiel-en-pleine-nature-a-Menthiere-2-768x768.png 768w, https:\/\/etviedanses.fr\/wp-content\/uploads\/2025\/03\/Stage-residentiel-en-pleine-nature-a-Menthiere-2-100x100.png 100w, https:\/\/etviedanses.fr\/wp-content\/uploads\/2025\/03\/Stage-residentiel-en-pleine-nature-a-Menthiere-2.png 1080w\" sizes=\"auto, (max-width: 767px) 89vw, (max-width: 1000px) 54vw, (max-width: 1071px) 543px, 580px\" \/><\/figure>\n\n\n\n<div class=\"wp-block-buttons is-layout-flex wp-block-buttons-is-layout-flex\">\n<div class=\"wp-block-button\"><a class=\"wp-block-button__link wp-element-button\" href=\"https:\/\/etviedanses.fr\/index.php\/fiche-dinscription-stage-la-caresse-comme-un-poeme-du-12-au-14-septembre-2025-a-menthieres-01\/\">Je m&rsquo;inscris<\/a><\/div>\n<\/div>\n\n\n\n<h2 class=\"wp-block-heading\">MAI 2026 : <strong><mark style=\"background-color:rgba(0, 0, 0, 0)\" class=\"has-inline-color has-vivid-green-cyan-color\">STAGE RESIDENTIEL&nbsp; (1.5 au 3.05)<\/mark><\/strong> <mark style=\"background-color:rgba(0, 0, 0, 0)\" class=\"has-inline-color has-vivid-green-cyan-color\">en r\u00e9gion PACA<\/mark><\/h2>\n\n\n\n<h2 class=\"wp-block-heading\"><strong><mark style=\"background-color:rgba(0, 0, 0, 0)\" class=\"has-inline-color has-vivid-green-cyan-color\">LE <\/mark><\/strong><mark style=\"background-color:rgba(0, 0, 0, 0)\" class=\"has-inline-color has-vivid-green-cyan-color\"><strong>PROJET EVOLUTION, chemin de croissance existentielle&nbsp; <\/strong>avec Muriel Haquin et C\u00e9cile Marzio <\/mark><\/h2>\n\n\n\n<p><em><strong>Cette extension est  accessible aux personnes ayant  une pratique r\u00e9guli\u00e8re de la Biodanza depuis au moins 1 an ou sur entretien. <\/strong><\/em><\/p>\n\n\n\n<figure class=\"wp-block-image size-large is-resized\"><img loading=\"lazy\" decoding=\"async\" width=\"1024\" height=\"673\" src=\"http:\/\/etviedanses.fr\/wp-content\/uploads\/2025\/11\/image-1024x673.png\" alt=\"\" class=\"wp-image-1409\" style=\"width:134px;height:auto\" srcset=\"https:\/\/etviedanses.fr\/wp-content\/uploads\/2025\/11\/image-1024x673.png 1024w, https:\/\/etviedanses.fr\/wp-content\/uploads\/2025\/11\/image-300x197.png 300w, https:\/\/etviedanses.fr\/wp-content\/uploads\/2025\/11\/image-768x505.png 768w, https:\/\/etviedanses.fr\/wp-content\/uploads\/2025\/11\/image.png 1536w\" sizes=\"auto, (max-width: 767px) 89vw, (max-width: 1000px) 54vw, (max-width: 1071px) 543px, 580px\" \/><\/figure>\n\n\n\n<p>En tant qu\u2019\u00catre Vivants, nous sommes tous l\u2019expression de la Vie en constante \u00e9volution. <\/p>\n\n\n\n<div class=\"wp-block-media-text is-stacked-on-mobile\"><figure class=\"wp-block-media-text__media\"><img loading=\"lazy\" decoding=\"async\" width=\"512\" height=\"471\" src=\"http:\/\/etviedanses.fr\/wp-content\/uploads\/2024\/08\/arbre-site-1.png\" alt=\"\" class=\"wp-image-1236 size-full\" srcset=\"https:\/\/etviedanses.fr\/wp-content\/uploads\/2024\/08\/arbre-site-1.png 512w, https:\/\/etviedanses.fr\/wp-content\/uploads\/2024\/08\/arbre-site-1-300x276.png 300w\" sizes=\"auto, (max-width: 512px) 100vw, 512px\" \/><\/figure><div class=\"wp-block-media-text__content\">\n<p>Telle la semence qui contient d\u00e9j\u00e0 toutes les promesses de l\u2019Arbre, nous naissons riches de tous nos potentiels.  Ce stage est une invitation \u00e0 explorer la m\u00e9taphore de l&rsquo;Arbre de Vie, \u00e0 r\u00e9veiller  le processus \u00e9volutif \u00e0 l&rsquo;int\u00e9rieur de chacun de nous, quels que soient notre origine et notre parcours de vie. Le stage repose sur 6 th\u00e8mes existentiels et seront visit\u00e9s \u00e0 travers la danse au fil du stage : <\/p>\n<\/div><\/div>\n\n\n\n<div class=\"wp-block-columns is-layout-flex wp-container-core-columns-is-layout-9d6595d7 wp-block-columns-is-layout-flex\">\n<div class=\"wp-block-column is-layout-flow wp-block-column-is-layout-flow\" style=\"flex-basis:100%\">\n<ul class=\"wp-block-list\">\n<li><strong>Le terreau<\/strong>, d&rsquo;o\u00f9 je viens ?<\/li>\n\n\n\n<li><strong>Les racines<\/strong>, de quoi ai-je besoin pour m&rsquo;ancrer, m&rsquo;approfondir ? <\/li>\n\n\n\n<li><strong>Le tronc<\/strong>, ma structure est-elle suffisamment solide et stable pour me d\u00e9ployer ? <\/li>\n\n\n\n<li><strong>Les branches<\/strong>,  mes choix et mes aspirations sont ils porteurs de sens ? <\/li>\n\n\n\n<li><strong>Les fleurs<\/strong>, qu&rsquo;ai-je \u00e0 faire \u00e9clore qui soit la manifestation de la beaut\u00e9 de ma vie ? <\/li>\n\n\n\n<li><strong>Les fruits<\/strong>, qu&rsquo;ai-je \u00e0 offrir au monde et qu&rsquo;ai-je encore envie de savourer pleinement ?<\/li>\n<\/ul>\n<\/div>\n<\/div>\n\n\n\n<div class=\"wp-block-buttons is-layout-flex wp-block-buttons-is-layout-flex\">\n<div class=\"wp-block-button\"><a class=\"wp-block-button__link wp-element-button\" href=\"https:\/\/danslelandelavie.com\/events\/projet-evolution-stage-dapprofondissement\/?occurrence=2026-04-30\">Je m&rsquo;inscris<\/a><\/div>\n<\/div>\n\n\n\n<h2 class=\"wp-block-heading\">MAI 2026 : <mark style=\"background-color:rgba(0, 0, 0, 0)\" class=\"has-inline-color has-pale-pink-color\"><strong>STAGE<\/strong><\/mark> <mark style=\"background-color:rgba(0, 0, 0, 0)\" class=\"has-inline-color has-pale-pink-color\"><strong>RESIDENTIEL<\/strong><\/mark> <mark style=\"background-color:rgba(0, 0, 0, 0)\" class=\"has-inline-color has-pale-pink-color\">du 29.05 au<\/mark> <mark style=\"background-color:rgba(0, 0, 0, 0)\" class=\"has-inline-color has-pale-pink-color\">31.05<\/mark> <mark style=\"background-color:rgba(0, 0, 0, 0)\" class=\"has-inline-color has-pale-pink-color\">en Charente Limousine \u00e0 la <a href=\"https:\/\/www.facebook.com\/p\/La-grange-au-calme-61550931307158\/\">Grange au Calme<\/a> avec Muriel Haquin <\/mark><\/h2>\n\n\n\n<h2 class=\"wp-block-heading\"><mark style=\"background-color:rgba(0, 0, 0, 0)\" class=\"has-inline-color has-pale-pink-color\"><strong>FEMMES INSPIRANTES<\/strong>, \u00e0 la rencontre des arch\u00e9type du f\u00e9minin. <\/mark><\/h2>\n\n\n\n<p><strong>Guid\u00e9es par le parcours de femmes inspirantes, nous irons \u00e0 la rencontre des arch\u00e9types du f\u00e9minin en alliant Cercles de Femmes et Laboratoire de cr\u00e9ativit\u00e9 sous la forme d&rsquo;un continuum pulsant entre intime et collectif. <\/strong><\/p>\n\n\n\n<p>Ce stage d\u00e9di\u00e9 aux femmes est une extension du <strong>Parcours de Femmes*<\/strong>. C&rsquo;est un temps d&rsquo;immersion dans l&rsquo;intime, pour se livrer jusqu&rsquo;\u00e0 se d\u00e9livrer, cr\u00e9er ensemble l&rsquo;espace de notre croissance, guid\u00e9es entre autre par des qualit\u00e9s port\u00e9es par des femmes qui ont marqu\u00e9 l&rsquo;histoire par leur humanit\u00e9.<\/p>\n\n\n\n<p><strong>* Parcours de Femmes<\/strong> est une invitation \u00e0 initier un chemin de sororit\u00e9. Co-cr\u00e9er un espace d&rsquo;accueil, telles que nous sommes, un espace pour d\u00e9poser notre parole, \u00eatre entendues et reconnues sans jugement et en toute s\u00e9curit\u00e9. La parole peut devenir f\u00e9conde et nous permettre d&rsquo; entrer dans le laboratoire de cr\u00e9ativit\u00e9 afin de sentir le mouvement de la Vie elle-m\u00eame se cr\u00e9er \u00e0 chaque instant dans la danse, la musique, la mati\u00e8re et les mots.<\/p>\n\n\n\n<p><em><mark style=\"background-color:#f78da7\" class=\"has-inline-color\">NB: Il n&rsquo;est pas n\u00e9cessaire d&rsquo;\u00eatre dans le Parcours de Femmes pour participer \u00e0 ce stage. <\/mark><\/em><\/p>\n\n\n\n<figure class=\"wp-block-image size-full is-resized\"><img loading=\"lazy\" decoding=\"async\" width=\"470\" height=\"331\" src=\"https:\/\/etviedanses.fr\/wp-content\/uploads\/2025\/08\/image-3.png\" alt=\"\" class=\"wp-image-1401\" style=\"aspect-ratio:1.4199835094820479;width:438px;height:auto\" srcset=\"https:\/\/etviedanses.fr\/wp-content\/uploads\/2025\/08\/image-3.png 470w, https:\/\/etviedanses.fr\/wp-content\/uploads\/2025\/08\/image-3-300x211.png 300w\" sizes=\"auto, (max-width: 470px) 100vw, 470px\" \/><\/figure>\n\n\n\n<div class=\"wp-block-buttons is-layout-flex wp-block-buttons-is-layout-flex\">\n<div class=\"wp-block-button\"><a class=\"wp-block-button__link wp-element-button\" href=\"https:\/\/etviedanses.fr\/?page_id=1435&amp;preview=true\">Je m&rsquo;inscris<\/a><\/div>\n<\/div>\n\n\n\n<h2 class=\"wp-block-heading\">NOVEMBRE 2026 :<strong><mark style=\"background-color:rgba(0, 0, 0, 0)\" class=\"has-inline-color has-vivid-cyan-blue-color\">STAGE RESIDENTIEL du 13.11 au 15.11 \u00e0 Neuch\u00e2tel en Suisse au <a href=\"https:\/\/moulin-de-bayerel.ch\/\">Moulin de Bayerel<\/a> <\/mark><\/strong><\/h2>\n\n\n\n<h2 class=\"wp-block-heading\"><mark style=\"background-color:rgba(0, 0, 0, 0)\" class=\"has-inline-color has-vivid-cyan-blue-color\"><strong>LE PRESSENTIMENT DE L&rsquo;ANGE <\/strong>co-anim\u00e9 par Muriel Haquin et Fausto Ferro<\/mark> <\/h2>\n\n\n\n<div class=\"wp-block-columns is-layout-flex wp-container-core-columns-is-layout-9d6595d7 wp-block-columns-is-layout-flex\">\n<div class=\"wp-block-column is-layout-flow wp-block-column-is-layout-flow\" style=\"flex-basis:100%\">\n<figure class=\"wp-block-image size-full is-resized\"><img loading=\"lazy\" decoding=\"async\" width=\"568\" height=\"370\" src=\"https:\/\/etviedanses.fr\/wp-content\/uploads\/2026\/01\/image-3.png\" alt=\"\" class=\"wp-image-1423\" style=\"width:146px;height:auto\" srcset=\"https:\/\/etviedanses.fr\/wp-content\/uploads\/2026\/01\/image-3.png 568w, https:\/\/etviedanses.fr\/wp-content\/uploads\/2026\/01\/image-3-300x195.png 300w\" sizes=\"auto, (max-width: 568px) 100vw, 568px\" \/><\/figure>\n<\/div>\n<\/div>\n\n\n\n<figure class=\"wp-block-image size-full\"><img loading=\"lazy\" decoding=\"async\" width=\"554\" height=\"385\" src=\"https:\/\/etviedanses.fr\/wp-content\/uploads\/2025\/07\/image.png\" alt=\"\" class=\"wp-image-1356\" srcset=\"https:\/\/etviedanses.fr\/wp-content\/uploads\/2025\/07\/image.png 554w, https:\/\/etviedanses.fr\/wp-content\/uploads\/2025\/07\/image-300x208.png 300w\" sizes=\"auto, (max-width: 554px) 100vw, 554px\" \/><\/figure>\n\n\n\n<div class=\"wp-block-buttons is-layout-flex wp-block-buttons-is-layout-flex\">\n<div class=\"wp-block-button\"><a class=\"wp-block-button__link wp-element-button\" href=\"https:\/\/etviedanses.fr\/index.php\/pressentiment-de-lange-du-21-au-23-novembre-2025-a-vasles-79\/\">Je m&rsquo;inscris &#8230; <\/a><\/div>\n<\/div>\n\n\n\n<p><\/p>\n","protected":false},"excerpt":{"rendered":"<p>SEPTEMBRE 2025 : PARCOURS DE FEMMES CERCLE DE PAROLE &#8211; DANSE et Laboratoire de cr\u00e9ativit\u00e9 Samedis de 14h30 \u00e0 18h30 &nbsp;Parcours de femmes est une invitation \u00e0 initier un chemin &hellip; <\/p>\n<p class=\"link-more\"><a href=\"https:\/\/etviedanses.fr\/index.php\/journees-stages-2021-2022\/\" class=\"more-link\">Continuer la lecture<span class=\"screen-reader-text\"> de &laquo;&nbsp;Journ\u00e9es &amp; Stages  2025-26&nbsp;&raquo;<\/span><\/a><\/p>\n","protected":false},"author":1,"featured_media":0,"parent":0,"menu_order":0,"comment_status":"closed","ping_status":"closed","template":"","meta":{"footnotes":""},"class_list":["post-236","page","type-page","status-publish","hentry"],"_links":{"self":[{"href":"https:\/\/etviedanses.fr\/index.php\/wp-json\/wp\/v2\/pages\/236","targetHints":{"allow":["GET"]}}],"collection":[{"href":"https:\/\/etviedanses.fr\/index.php\/wp-json\/wp\/v2\/pages"}],"about":[{"href":"https:\/\/etviedanses.fr\/index.php\/wp-json\/wp\/v2\/types\/page"}],"author":[{"embeddable":true,"href":"https:\/\/etviedanses.fr\/index.php\/wp-json\/wp\/v2\/users\/1"}],"replies":[{"embeddable":true,"href":"https:\/\/etviedanses.fr\/index.php\/wp-json\/wp\/v2\/comments?post=236"}],"version-history":[{"count":260,"href":"https:\/\/etviedanses.fr\/index.php\/wp-json\/wp\/v2\/pages\/236\/revisions"}],"predecessor-version":[{"id":1455,"href":"https:\/\/etviedanses.fr\/index.php\/wp-json\/wp\/v2\/pages\/236\/revisions\/1455"}],"wp:attachment":[{"href":"https:\/\/etviedanses.fr\/index.php\/wp-json\/wp\/v2\/media?parent=236"}],"curies":[{"name":"wp","href":"https:\/\/api.w.org\/{rel}","templated":true}]}}