{"id":175,"date":"2020-12-11T22:43:50","date_gmt":"2020-12-11T21:43:50","guid":{"rendered":"http:\/\/etviedanses.fr\/?page_id=175"},"modified":"2020-12-11T23:02:34","modified_gmt":"2020-12-11T22:02:34","slug":"livre-dor","status":"publish","type":"page","link":"https:\/\/etviedanses.fr\/index.php\/livre-dor\/","title":{"rendered":"Livre d&rsquo;or"},"content":{"rendered":"\n<p>Ici, vous pouvez partager un ressenti, une exp\u00e9rience ou encore un t\u00e9moignage en lien avec la Biodanza. Cela constitue aussi une mani\u00e8re de d\u00e9couvrir cette pratique. <\/p>\n\n\n<p>[gwolle_gb]I<\/p>\n","protected":false},"excerpt":{"rendered":"<p>Ici, vous pouvez partager un ressenti, une exp\u00e9rience ou encore un t\u00e9moignage en lien avec la Biodanza. Cela constitue aussi une mani\u00e8re de d\u00e9couvrir cette pratique.<\/p>\n","protected":false},"author":1,"featured_media":0,"parent":0,"menu_order":0,"comment_status":"closed","ping_status":"closed","template":"","meta":{"footnotes":""},"class_list":["post-175","page","type-page","status-publish","hentry"],"_links":{"self":[{"href":"https:\/\/etviedanses.fr\/index.php\/wp-json\/wp\/v2\/pages\/175","targetHints":{"allow":["GET"]}}],"collection":[{"href":"https:\/\/etviedanses.fr\/index.php\/wp-json\/wp\/v2\/pages"}],"about":[{"href":"https:\/\/etviedanses.fr\/index.php\/wp-json\/wp\/v2\/types\/page"}],"author":[{"embeddable":true,"href":"https:\/\/etviedanses.fr\/index.php\/wp-json\/wp\/v2\/users\/1"}],"replies":[{"embeddable":true,"href":"https:\/\/etviedanses.fr\/index.php\/wp-json\/wp\/v2\/comments?post=175"}],"version-history":[{"count":3,"href":"https:\/\/etviedanses.fr\/index.php\/wp-json\/wp\/v2\/pages\/175\/revisions"}],"predecessor-version":[{"id":181,"href":"https:\/\/etviedanses.fr\/index.php\/wp-json\/wp\/v2\/pages\/175\/revisions\/181"}],"wp:attachment":[{"href":"https:\/\/etviedanses.fr\/index.php\/wp-json\/wp\/v2\/media?parent=175"}],"curies":[{"name":"wp","href":"https:\/\/api.w.org\/{rel}","templated":true}]}}