{"id":1435,"date":"2026-02-27T12:39:30","date_gmt":"2026-02-27T11:39:30","guid":{"rendered":"https:\/\/etviedanses.fr\/?page_id=1435"},"modified":"2026-02-27T12:39:30","modified_gmt":"2026-02-27T11:39:30","slug":"femmes-inspirantes-a-la-decouverte-du-feminin-en-nous","status":"publish","type":"page","link":"https:\/\/etviedanses.fr\/index.php\/femmes-inspirantes-a-la-decouverte-du-feminin-en-nous\/","title":{"rendered":"Femmes Inspirantes, \u00e0 la d\u00e9couverte du f\u00e9minin en nous."},"content":{"rendered":"\n<p>du 29 au 31 mai 2026 \u00e0 <a href=\"https:\/\/www.youtube.com\/watch?si=XppX_S_Dav4p5dxg&amp;v=Rrs1HSahh_k&amp;feature=youtu.be\">La Grange au Calme<\/a> en Charente Limousine au 8, la Combarlie, 16420 Saulgond. <\/p>\n\n\n\n<p><\/p>\n\n\n\n<ul class=\"wp-block-list\">\n<li>Prix du stage : 150\u20ac (du vendredi 20H au dimanche 17H &#8211; mat\u00e9riel et salle compris) <\/li>\n\n\n\n<li>Prix de l&rsquo;h\u00e9bergement : 40\u20ac (pour 2 nuits petits d\u00e9jeuners compris) <\/li>\n\n\n\n<li>Repas auto-g\u00e9r\u00e9s ( lq pr\u00e9paration des repas fait partie des stages, chacune apportera une contribution &#8211; plus d&rsquo;infos en mai) <\/li>\n<\/ul>\n\n\n<div class=\"forminator-ui forminator-custom-form forminator-custom-form-1440 forminator-design--default  forminator_ajax\" data-forminator-render=\"0\" data-form=\"forminator-module-1440\" data-uid=\"69ea1725872e9\"><br\/><\/div><form\n\t\t\t\tid=\"forminator-module-1440\"\n\t\t\t\tclass=\"forminator-ui forminator-custom-form forminator-custom-form-1440 forminator-design--default  forminator_ajax\"\n\t\t\t\tmethod=\"post\"\n\t\t\t\tdata-forminator-render=\"0\"\n\t\t\t\tdata-form-id=\"1440\"\n\t\t\t\t\n\t\t\t\tdata-design=\"default\"\n\t\t\t\t\n\t\t\t\t\n\t\t\t\t\n\t\t\t\tdata-grid=\"open\"\n\t\t\t\t\n\t\t\t\t\n\t\t\t\tstyle=\"display: none;\"\n\t\t\t\t\n\t\t\t\tdata-uid=\"69ea1725872e9\"\n\t\t\t><div class=\"forminator-response-message forminator-error\" aria-hidden=\"true\"><\/div><div class=\"forminator-row\"><div id=\"name-1\" class=\"forminator-col forminator-col-6 \"><div class=\"forminator-field\"><label for=\"forminator-field-name-1_69ea1725872e9\" class=\"forminator-label\">Nom Pr\u00e9nom <span class=\"forminator-required\">*<\/span><\/label><input type=\"text\" name=\"name-1\" value=\"\" placeholder=\"Par exemple\u00a0: Jean\" id=\"forminator-field-name-1_69ea1725872e9\" class=\"forminator-input forminator-name--field\" aria-required=\"true\" \/><\/div><\/div><div id=\"text-1\" class=\"forminator-col forminator-col-6 \"><div class=\"forminator-field\"><label for=\"forminator-field-text-1_69ea1725872e9\" class=\"forminator-label\">Date de naissance<\/label><input type=\"text\" name=\"text-1\" value=\"\" placeholder=\"\" id=\"forminator-field-text-1_69ea1725872e9\" class=\"forminator-input forminator-name--field\" data-required=\"\" \/><\/div><\/div><\/div><div class=\"forminator-row\"><div id=\"email-1\" class=\"forminator-col forminator-col-12 \"><div class=\"forminator-field\"><label for=\"forminator-field-email-1_69ea1725872e9\" class=\"forminator-label\">Adresse de messagerie <span class=\"forminator-required\">*<\/span><\/label><input type=\"email\" name=\"email-1\" value=\"\" placeholder=\"Par exemple\u00a0: jacques@martin.com\" id=\"forminator-field-email-1_69ea1725872e9\" class=\"forminator-input forminator-email--field\" data-required=\"true\" aria-required=\"true\" \/><\/div><\/div><\/div><div class=\"forminator-row\"><div id=\"phone-1\" class=\"forminator-col forminator-col-12 \"><div class=\"forminator-field\"><label for=\"forminator-field-phone-1_69ea1725872e9\" class=\"forminator-label\">T\u00e9l\u00e9phone<\/label><input type=\"text\" name=\"phone-1\" value=\"\" placeholder=\"Par exemple\u00a0: +1 02 03 05 06\" id=\"forminator-field-phone-1_69ea1725872e9\" class=\"forminator-input forminator-field--phone\" data-required=\"\" aria-required=\"false\" autocomplete=\"off\" \/><\/div><\/div><\/div><div class=\"forminator-row\"><div id=\"name-3\" class=\"forminator-col forminator-col-12 \"><div class=\"forminator-field\"><label for=\"forminator-field-name-3_69ea1725872e9\" class=\"forminator-label\">Avez-vous d\u00e9j\u00e0 pratiqu\u00e9 la Biodanza ?<\/label><input type=\"text\" name=\"name-3\" value=\"\" placeholder=\"\" id=\"forminator-field-name-3_69ea1725872e9\" class=\"forminator-input forminator-name--field\" aria-required=\"false\" \/><\/div><\/div><\/div><div class=\"forminator-row\"><div id=\"name-4\" class=\"forminator-col forminator-col-12 \"><div class=\"forminator-field\"><label for=\"forminator-field-name-4_69ea1725872e9\" class=\"forminator-label\">Avez-vous d\u00e9j\u00e0 pratiqu\u00e9 un cercle de femmes<\/label><input type=\"text\" name=\"name-4\" value=\"\" placeholder=\"\" id=\"forminator-field-name-4_69ea1725872e9\" class=\"forminator-input forminator-name--field\" aria-required=\"false\" \/><\/div><\/div><\/div><input type=\"hidden\" name=\"referer_url\" value=\"\" \/><div class=\"forminator-row forminator-row-last\"><div class=\"forminator-col\"><div class=\"forminator-field\"><button class=\"forminator-button forminator-button-submit\">S&#039;inscrire<\/button><\/div><\/div><\/div><input type=\"hidden\" id=\"forminator_nonce\" name=\"forminator_nonce\" value=\"812005a4f7\" \/><input type=\"hidden\" name=\"_wp_http_referer\" value=\"\/index.php\/wp-json\/wp\/v2\/pages\/1435\" \/><input type=\"hidden\" name=\"form_id\" value=\"1440\"><input type=\"hidden\" name=\"page_id\" value=\"1435\"><input type=\"hidden\" name=\"form_type\" value=\"default\"><input type=\"hidden\" name=\"current_url\" value=\"https:\/\/etviedanses.fr\/index.php\/femmes-inspirantes-a-la-decouverte-du-feminin-en-nous\/\"><input type=\"hidden\" name=\"render_id\" value=\"0\"><input type=\"hidden\" name=\"action\" value=\"forminator_submit_form_custom-forms\"><\/form>\n","protected":false},"excerpt":{"rendered":"<p>du 29 au 31 mai 2026 \u00e0 La Grange au Calme en Charente Limousine au 8, la Combarlie, 16420 Saulgond.<\/p>\n","protected":false},"author":1,"featured_media":0,"parent":0,"menu_order":0,"comment_status":"closed","ping_status":"closed","template":"","meta":{"footnotes":""},"class_list":["post-1435","page","type-page","status-publish","hentry"],"_links":{"self":[{"href":"https:\/\/etviedanses.fr\/index.php\/wp-json\/wp\/v2\/pages\/1435","targetHints":{"allow":["GET"]}}],"collection":[{"href":"https:\/\/etviedanses.fr\/index.php\/wp-json\/wp\/v2\/pages"}],"about":[{"href":"https:\/\/etviedanses.fr\/index.php\/wp-json\/wp\/v2\/types\/page"}],"author":[{"embeddable":true,"href":"https:\/\/etviedanses.fr\/index.php\/wp-json\/wp\/v2\/users\/1"}],"replies":[{"embeddable":true,"href":"https:\/\/etviedanses.fr\/index.php\/wp-json\/wp\/v2\/comments?post=1435"}],"version-history":[{"count":6,"href":"https:\/\/etviedanses.fr\/index.php\/wp-json\/wp\/v2\/pages\/1435\/revisions"}],"predecessor-version":[{"id":1444,"href":"https:\/\/etviedanses.fr\/index.php\/wp-json\/wp\/v2\/pages\/1435\/revisions\/1444"}],"wp:attachment":[{"href":"https:\/\/etviedanses.fr\/index.php\/wp-json\/wp\/v2\/media?parent=1435"}],"curies":[{"name":"wp","href":"https:\/\/api.w.org\/{rel}","templated":true}]}}