{"id":1317,"date":"2025-03-13T21:43:05","date_gmt":"2025-03-13T20:43:05","guid":{"rendered":"https:\/\/etviedanses.fr\/?page_id=1317"},"modified":"2025-03-26T22:48:42","modified_gmt":"2025-03-26T21:48:42","slug":"fiche-dinscription-stage-la-caresse-comme-un-poeme-du-12-au-14-septembre-2025-a-menthieres-01","status":"publish","type":"page","link":"https:\/\/etviedanses.fr\/index.php\/fiche-dinscription-stage-la-caresse-comme-un-poeme-du-12-au-14-septembre-2025-a-menthieres-01\/","title":{"rendered":"Fiche d&rsquo;inscription stage LA CARESSE COMME UN POEME du 12 au 14 septembre 2025 \u00e0 Menthi\u00e8res (01)"},"content":{"rendered":"\n<p>Cette page rencontre un probl\u00e8me. Merci de Compl\u00e9ter le formulaire ( s\u00e9lectionner la zone \u00e0 copier, puis copier-coller la page) pour l&rsquo;envoyer manuellement \u00e0 l&rsquo;adresse : <strong>associationetviedanses@gmail.com<\/strong> Un email de confirmation vous sera adress\u00e9. D\u00e9sol\u00e9e de cette g\u00eane temporaire.<\/p>\n\n\n\n<div class=\"forminator-guttenberg\"><div class=\"forminator-ui forminator-custom-form forminator-custom-form-1289 forminator-design--default  forminator_ajax\" data-forminator-render=\"0\" data-form=\"forminator-module-1289\" data-uid=\"69ea3285c418e\"><br\/><\/div><form\n\t\t\t\tid=\"forminator-module-1289\"\n\t\t\t\tclass=\"forminator-ui forminator-custom-form forminator-custom-form-1289 forminator-design--default  forminator_ajax\"\n\t\t\t\tmethod=\"post\"\n\t\t\t\tdata-forminator-render=\"0\"\n\t\t\t\tdata-form-id=\"1289\"\n\t\t\t\t\n\t\t\t\tdata-design=\"default\"\n\t\t\t\t\n\t\t\t\t\n\t\t\t\t\n\t\t\t\tdata-grid=\"open\"\n\t\t\t\t\n\t\t\t\t\n\t\t\t\tstyle=\"display: none;\"\n\t\t\t\t\n\t\t\t\tdata-uid=\"69ea3285c418e\"\n\t\t\t><div class=\"forminator-response-message forminator-error\" aria-hidden=\"true\"><\/div><div class=\"forminator-row\"><div id=\"name-1\" class=\"forminator-col forminator-col-6 \"><div class=\"forminator-field\"><label for=\"forminator-field-name-1_69ea3285c418e\" class=\"forminator-label\">Nom Pr\u00e9nom <span class=\"forminator-required\">*<\/span><\/label><input type=\"text\" name=\"name-1\" value=\"\" placeholder=\"Par exemple\u00a0: Jean\" id=\"forminator-field-name-1_69ea3285c418e\" class=\"forminator-input forminator-name--field\" aria-required=\"true\" \/><\/div><\/div><div id=\"text-1\" class=\"forminator-col forminator-col-6 \"><div class=\"forminator-field\"><label for=\"forminator-field-text-1_69ea3285c418e\" class=\"forminator-label\">Date de naissance<\/label><input type=\"text\" name=\"text-1\" value=\"\" placeholder=\"\" id=\"forminator-field-text-1_69ea3285c418e\" class=\"forminator-input forminator-name--field\" data-required=\"\" \/><\/div><\/div><\/div><div class=\"forminator-row\"><div id=\"email-1\" class=\"forminator-col forminator-col-12 \"><div class=\"forminator-field\"><label for=\"forminator-field-email-1_69ea3285c418e\" class=\"forminator-label\">Adresse de messagerie <span class=\"forminator-required\">*<\/span><\/label><input type=\"email\" name=\"email-1\" value=\"\" placeholder=\"Par exemple\u00a0: jacques@martin.com\" id=\"forminator-field-email-1_69ea3285c418e\" class=\"forminator-input forminator-email--field\" data-required=\"true\" aria-required=\"true\" \/><\/div><\/div><\/div><div class=\"forminator-row\"><div id=\"phone-1\" class=\"forminator-col forminator-col-12 \"><div class=\"forminator-field\"><label for=\"forminator-field-phone-1_69ea3285c418e\" class=\"forminator-label\">T\u00e9l\u00e9phone<\/label><input type=\"text\" name=\"phone-1\" value=\"\" placeholder=\"Par exemple\u00a0: +1 02 03 05 06\" id=\"forminator-field-phone-1_69ea3285c418e\" class=\"forminator-input forminator-field--phone\" data-required=\"\" aria-required=\"false\" autocomplete=\"off\" \/><\/div><\/div><\/div><div class=\"forminator-row\"><div id=\"name-3\" class=\"forminator-col forminator-col-12 \"><div class=\"forminator-field\"><label for=\"forminator-field-name-3_69ea3285c418e\" class=\"forminator-label\">Depuis quand pratiquez-vous ?<\/label><input type=\"text\" name=\"name-3\" value=\"\" placeholder=\"\" id=\"forminator-field-name-3_69ea3285c418e\" class=\"forminator-input forminator-name--field\" aria-required=\"false\" \/><\/div><\/div><\/div><div class=\"forminator-row\"><div id=\"checkbox-1\" class=\"forminator-col forminator-col-12 \"><div role=\"group\" class=\"forminator-field\" aria-labelledby=\"forminator-checkbox-group-69ea3285c418e-label\"><h4 id=\"forminator-checkbox-group-69ea3285c418e-label\" class=\"forminator-label\">HEBERGEMENT<\/h4><label for=\"forminator-field-checkbox-1-1-69ea3285c418e\" class=\"forminator-checkbox\" title=\"Lit simple dans chambre de 3 personnes\"><input type=\"checkbox\" name=\"checkbox-1[]\" value=\"one\" id=\"forminator-field-checkbox-1-1-69ea3285c418e\" data-calculation=\"0\"  \/><span class=\"forminator-checkbox-box\" aria-hidden=\"true\"><\/span><span class=\"forminator-checkbox-label\">Lit simple dans chambre de 3 personnes<\/span><\/label><label for=\"forminator-field-checkbox-1-2-69ea3285c418e\" class=\"forminator-checkbox\" title=\"Lit simple dans chambre de 4 personnes\"><input type=\"checkbox\" name=\"checkbox-1[]\" value=\"two\" id=\"forminator-field-checkbox-1-2-69ea3285c418e\" data-calculation=\"0\"  \/><span class=\"forminator-checkbox-box\" aria-hidden=\"true\"><\/span><span class=\"forminator-checkbox-label\">Lit simple dans chambre de 4 personnes<\/span><\/label><label for=\"forminator-field-checkbox-1-3-69ea3285c418e\" class=\"forminator-checkbox\" title=\"Lit simple dans chambre de 5 personnes\"><input type=\"checkbox\" name=\"checkbox-1[]\" value=\"Lit-simple-dans-chambre-de-5-personnes\" id=\"forminator-field-checkbox-1-3-69ea3285c418e\" data-calculation=\"0\"  \/><span class=\"forminator-checkbox-box\" aria-hidden=\"true\"><\/span><span class=\"forminator-checkbox-label\">Lit simple dans chambre de 5 personnes<\/span><\/label><label for=\"forminator-field-checkbox-1-4-69ea3285c418e\" class=\"forminator-checkbox\" title=\"G\u00eete 6 personnes (1 lit double) et 4 lits simples\"><input type=\"checkbox\" name=\"checkbox-1[]\" value=\"G\u00eete-6-personnes-(1-lit-double)-et-4-lits-simples\" id=\"forminator-field-checkbox-1-4-69ea3285c418e\" data-calculation=\"0\"  \/><span class=\"forminator-checkbox-box\" aria-hidden=\"true\"><\/span><span class=\"forminator-checkbox-label\">G\u00eete 6 personnes (1 lit double) et 4 lits simples<\/span><\/label><label for=\"forminator-field-checkbox-1-5-69ea3285c418e\" class=\"forminator-checkbox\" title=\"H\u00e9bergement en camping car\"><input type=\"checkbox\" name=\"checkbox-1[]\" value=\"H\u00e9bergement-en-camping-car\" id=\"forminator-field-checkbox-1-5-69ea3285c418e\" data-calculation=\"0\"  \/><span class=\"forminator-checkbox-box\" aria-hidden=\"true\"><\/span><span class=\"forminator-checkbox-label\">H\u00e9bergement en camping car<\/span><\/label><\/div><\/div><\/div><div class=\"forminator-row\"><div id=\"checkbox-3\" class=\"forminator-col forminator-col-12 \"><div role=\"group\" class=\"forminator-field\" aria-labelledby=\"forminator-checkbox-group-69ea3285c418e-label\"><h4 id=\"forminator-checkbox-group-69ea3285c418e-label\" class=\"forminator-label\">PETIT DEJEUNER<\/h4><label for=\"forminator-field-checkbox-3-1-69ea3285c418e\" class=\"forminator-checkbox\" title=\"Je suis autonome\"><input type=\"checkbox\" name=\"checkbox-3[]\" value=\"one\" id=\"forminator-field-checkbox-3-1-69ea3285c418e\" data-calculation=\"0\"  \/><span class=\"forminator-checkbox-box\" aria-hidden=\"true\"><\/span><span class=\"forminator-checkbox-label\">Je suis autonome<\/span><\/label><label for=\"forminator-field-checkbox-3-2-69ea3285c418e\" class=\"forminator-checkbox\" title=\"Je commande 2 petits d\u00e9jeuners  ( 7,50\u20ac \/ jour)\"><input type=\"checkbox\" name=\"checkbox-3[]\" value=\"two\" id=\"forminator-field-checkbox-3-2-69ea3285c418e\" data-calculation=\"0\"  \/><span class=\"forminator-checkbox-box\" aria-hidden=\"true\"><\/span><span class=\"forminator-checkbox-label\">Je commande 2 petits d\u00e9jeuners  ( 7,50\u20ac \/ jour)<\/span><\/label><\/div><\/div><\/div><div class=\"forminator-row\"><div id=\"checkbox-2\" class=\"forminator-col forminator-col-12 \"><div role=\"group\" class=\"forminator-field\" aria-labelledby=\"forminator-checkbox-group-69ea3285c418e-label\"><h4 id=\"forminator-checkbox-group-69ea3285c418e-label\" class=\"forminator-label\">INTOLERANCE ALIMENTAIRE<\/h4><label for=\"forminator-field-checkbox-2-1-69ea3285c418e\" class=\"forminator-checkbox\" title=\"Gluten\"><input type=\"checkbox\" name=\"checkbox-2[]\" value=\"Gluten\" id=\"forminator-field-checkbox-2-1-69ea3285c418e\" data-calculation=\"0\"  \/><span class=\"forminator-checkbox-box\" aria-hidden=\"true\"><\/span><span class=\"forminator-checkbox-label\">Gluten<\/span><\/label><label for=\"forminator-field-checkbox-2-2-69ea3285c418e\" class=\"forminator-checkbox\" title=\"Lactose\"><input type=\"checkbox\" name=\"checkbox-2[]\" value=\"Lactose\" id=\"forminator-field-checkbox-2-2-69ea3285c418e\" data-calculation=\"0\"  \/><span class=\"forminator-checkbox-box\" aria-hidden=\"true\"><\/span><span class=\"forminator-checkbox-label\">Lactose<\/span><\/label><label for=\"forminator-field-checkbox-2-3-69ea3285c418e\" class=\"forminator-checkbox\" title=\"Autres \u00e0 signaler\"><input type=\"checkbox\" name=\"checkbox-2[]\" value=\"Autres-\u00e0-signaler\" id=\"forminator-field-checkbox-2-3-69ea3285c418e\" data-calculation=\"0\"  \/><span class=\"forminator-checkbox-box\" aria-hidden=\"true\"><\/span><span class=\"forminator-checkbox-label\">Autres \u00e0 signaler<\/span><\/label><\/div><\/div><\/div><input type=\"hidden\" name=\"referer_url\" value=\"\" \/><div class=\"forminator-row forminator-row-last\"><div class=\"forminator-col\"><div class=\"forminator-field\"><button class=\"forminator-button forminator-button-submit\">S&#039;inscrire<\/button><\/div><\/div><\/div><input type=\"hidden\" id=\"forminator_nonce\" name=\"forminator_nonce\" value=\"812005a4f7\" \/><input type=\"hidden\" name=\"_wp_http_referer\" value=\"\/index.php\/wp-json\/wp\/v2\/pages\/1317\" \/><input type=\"hidden\" name=\"form_id\" value=\"1289\"><input type=\"hidden\" name=\"page_id\" value=\"1317\"><input type=\"hidden\" name=\"form_type\" value=\"default\"><input type=\"hidden\" name=\"current_url\" value=\"https:\/\/etviedanses.fr\/index.php\/fiche-dinscription-stage-la-caresse-comme-un-poeme-du-12-au-14-septembre-2025-a-menthieres-01\/\"><input type=\"hidden\" name=\"render_id\" value=\"0\"><input type=\"hidden\" name=\"action\" value=\"forminator_submit_form_custom-forms\"><\/form><\/div>\n","protected":false},"excerpt":{"rendered":"<p>Cette page rencontre un probl\u00e8me. Merci de Compl\u00e9ter le formulaire ( s\u00e9lectionner la zone \u00e0 copier, puis copier-coller la page) pour l&rsquo;envoyer manuellement \u00e0 l&rsquo;adresse : associationetviedanses@gmail.com Un email de &hellip; <\/p>\n<p class=\"link-more\"><a href=\"https:\/\/etviedanses.fr\/index.php\/fiche-dinscription-stage-la-caresse-comme-un-poeme-du-12-au-14-septembre-2025-a-menthieres-01\/\" class=\"more-link\">Continuer la lecture<span class=\"screen-reader-text\"> de &laquo;&nbsp;Fiche d&rsquo;inscription stage LA CARESSE COMME UN POEME du 12 au 14 septembre 2025 \u00e0 Menthi\u00e8res (01)&nbsp;&raquo;<\/span><\/a><\/p>\n","protected":false},"author":1,"featured_media":0,"parent":0,"menu_order":0,"comment_status":"closed","ping_status":"closed","template":"","meta":{"footnotes":""},"class_list":["post-1317","page","type-page","status-publish","hentry"],"_links":{"self":[{"href":"https:\/\/etviedanses.fr\/index.php\/wp-json\/wp\/v2\/pages\/1317","targetHints":{"allow":["GET"]}}],"collection":[{"href":"https:\/\/etviedanses.fr\/index.php\/wp-json\/wp\/v2\/pages"}],"about":[{"href":"https:\/\/etviedanses.fr\/index.php\/wp-json\/wp\/v2\/types\/page"}],"author":[{"embeddable":true,"href":"https:\/\/etviedanses.fr\/index.php\/wp-json\/wp\/v2\/users\/1"}],"replies":[{"embeddable":true,"href":"https:\/\/etviedanses.fr\/index.php\/wp-json\/wp\/v2\/comments?post=1317"}],"version-history":[{"count":4,"href":"https:\/\/etviedanses.fr\/index.php\/wp-json\/wp\/v2\/pages\/1317\/revisions"}],"predecessor-version":[{"id":1330,"href":"https:\/\/etviedanses.fr\/index.php\/wp-json\/wp\/v2\/pages\/1317\/revisions\/1330"}],"wp:attachment":[{"href":"https:\/\/etviedanses.fr\/index.php\/wp-json\/wp\/v2\/media?parent=1317"}],"curies":[{"name":"wp","href":"https:\/\/api.w.org\/{rel}","templated":true}]}}